{"id":11933,"date":"2025-05-10T22:55:10","date_gmt":"2025-05-10T20:55:10","guid":{"rendered":"https:\/\/ateneuadrianenc.cat\/home\/?page_id=11933"},"modified":"2026-03-30T22:45:03","modified_gmt":"2026-03-30T20:45:03","slug":"portal-de-transparencia","status":"publish","type":"page","link":"https:\/\/ateneuadrianenc.cat\/home\/portal-de-transparencia\/","title":{"rendered":"Portal de transpar\u00e8ncia"},"content":{"rendered":"\t\t<div data-elementor-type=\"wp-page\" data-elementor-id=\"11933\" class=\"elementor elementor-11933\" data-elementor-post-type=\"page\">\n\t\t\t\t\t\t<section class=\"elementor-section elementor-top-section elementor-element elementor-element-f080d2f elementor-section-full_width elementor-section-height-default elementor-section-height-default\" data-id=\"f080d2f\" data-element_type=\"section\">\n\t\t\t\t\t\t\t<div class=\"elementor-background-overlay\"><\/div>\n\t\t\t\t\t\t\t<div class=\"elementor-container elementor-column-gap-default\">\n\t\t\t\t\t<div class=\"elementor-column elementor-col-100 elementor-top-column elementor-element elementor-element-fc5baee\" data-id=\"fc5baee\" data-element_type=\"column\">\n\t\t\t<div class=\"elementor-widget-wrap elementor-element-populated\">\n\t\t\t\t\t\t<div class=\"elementor-element elementor-element-2e72bb3 elementor-widget elementor-widget-heading\" data-id=\"2e72bb3\" data-element_type=\"widget\" data-widget_type=\"heading.default\">\n\t\t\t\t<div class=\"elementor-widget-container\">\n\t\t\t\t\t<h2 class=\"elementor-heading-title elementor-size-default\">Portal de transpar\u00e8ncia<\/h2>\t\t\t\t<\/div>\n\t\t\t\t<\/div>\n\t\t\t\t\t<\/div>\n\t\t<\/div>\n\t\t\t\t\t<\/div>\n\t\t<\/section>\n\t\t\t\t<section class=\"elementor-section elementor-top-section elementor-element elementor-element-2c9601f elementor-section-boxed elementor-section-height-default elementor-section-height-default\" data-id=\"2c9601f\" data-element_type=\"section\" data-settings=\"{&quot;background_background&quot;:&quot;classic&quot;}\">\n\t\t\t\t\t\t\t<div class=\"elementor-background-overlay\"><\/div>\n\t\t\t\t\t\t\t<div class=\"elementor-container elementor-column-gap-default\">\n\t\t\t\t\t<div class=\"elementor-column elementor-col-50 elementor-top-column elementor-element elementor-element-bd1fc79\" data-id=\"bd1fc79\" data-element_type=\"column\">\n\t\t\t<div class=\"elementor-widget-wrap elementor-element-populated\">\n\t\t\t\t\t\t<div class=\"elementor-element elementor-element-388a035 elementor-widget elementor-widget-image\" data-id=\"388a035\" data-element_type=\"widget\" data-widget_type=\"image.default\">\n\t\t\t\t<div class=\"elementor-widget-container\">\n\t\t\t\t\t\t\t\t\t\t\t\t<figure class=\"wp-caption\">\n\t\t\t\t\t\t\t\t\t\t\t<a href=\"https:\/\/ateneuadrianenc.cat\/home\/wp-content\/uploads\/2025\/05\/PowerpointMemoria2023.pdf.pdf\">\n\t\t\t\t\t\t\t<img fetchpriority=\"high\" decoding=\"async\" width=\"800\" height=\"450\" src=\"https:\/\/ateneuadrianenc.cat\/home\/wp-content\/uploads\/2025\/05\/Presentacion1-1024x576.jpg\" class=\"attachment-large size-large wp-image-11939\" alt=\"\" srcset=\"https:\/\/ateneuadrianenc.cat\/home\/wp-content\/uploads\/2025\/05\/Presentacion1-1024x576.jpg 1024w, https:\/\/ateneuadrianenc.cat\/home\/wp-content\/uploads\/2025\/05\/Presentacion1-300x169.jpg 300w, https:\/\/ateneuadrianenc.cat\/home\/wp-content\/uploads\/2025\/05\/Presentacion1-768x432.jpg 768w, https:\/\/ateneuadrianenc.cat\/home\/wp-content\/uploads\/2025\/05\/Presentacion1.jpg 1280w\" sizes=\"(max-width: 800px) 100vw, 800px\" \/>\t\t\t\t\t\t\t\t<\/a>\n\t\t\t\t\t\t\t\t\t\t\t<figcaption class=\"widget-image-caption wp-caption-text\">Informe de gesti\u00f3 2023<\/figcaption>\n\t\t\t\t\t\t\t\t\t\t<\/figure>\n\t\t\t\t\t\t\t\t\t<\/div>\n\t\t\t\t<\/div>\n\t\t\t\t\t<\/div>\n\t\t<\/div>\n\t\t\t\t<div class=\"elementor-column elementor-col-50 elementor-top-column elementor-element elementor-element-e6e2a2a\" data-id=\"e6e2a2a\" data-element_type=\"column\">\n\t\t\t<div class=\"elementor-widget-wrap elementor-element-populated\">\n\t\t\t\t\t\t<div class=\"elementor-element elementor-element-013af6e elementor-widget elementor-widget-image\" data-id=\"013af6e\" data-element_type=\"widget\" data-widget_type=\"image.default\">\n\t\t\t\t<div class=\"elementor-widget-container\">\n\t\t\t\t\t\t\t\t\t\t\t\t<figure class=\"wp-caption\">\n\t\t\t\t\t\t\t\t\t\t\t<a href=\"https:\/\/ateneuadrianenc.cat\/home\/wp-content\/uploads\/2025\/05\/Memoria_2024.pdf\">\n\t\t\t\t\t\t\t<img decoding=\"async\" width=\"800\" height=\"450\" src=\"https:\/\/ateneuadrianenc.cat\/home\/wp-content\/uploads\/2025\/05\/PresentacionAsamblea2024_200325-1024x576.jpg\" class=\"attachment-large size-large wp-image-11941\" alt=\"\" srcset=\"https:\/\/ateneuadrianenc.cat\/home\/wp-content\/uploads\/2025\/05\/PresentacionAsamblea2024_200325-1024x576.jpg 1024w, https:\/\/ateneuadrianenc.cat\/home\/wp-content\/uploads\/2025\/05\/PresentacionAsamblea2024_200325-300x169.jpg 300w, https:\/\/ateneuadrianenc.cat\/home\/wp-content\/uploads\/2025\/05\/PresentacionAsamblea2024_200325-768x432.jpg 768w, https:\/\/ateneuadrianenc.cat\/home\/wp-content\/uploads\/2025\/05\/PresentacionAsamblea2024_200325.jpg 1280w\" sizes=\"(max-width: 800px) 100vw, 800px\" \/>\t\t\t\t\t\t\t\t<\/a>\n\t\t\t\t\t\t\t\t\t\t\t<figcaption class=\"widget-image-caption wp-caption-text\">Informe de gesti\u00f3 2024<\/figcaption>\n\t\t\t\t\t\t\t\t\t\t<\/figure>\n\t\t\t\t\t\t\t\t\t<\/div>\n\t\t\t\t<\/div>\n\t\t\t\t\t<\/div>\n\t\t<\/div>\n\t\t\t\t\t<\/div>\n\t\t<\/section>\n\t\t\t\t<section class=\"elementor-section elementor-top-section elementor-element elementor-element-35e94f8 elementor-section-boxed elementor-section-height-default elementor-section-height-default\" data-id=\"35e94f8\" data-element_type=\"section\">\n\t\t\t\t\t\t\t<div class=\"elementor-background-overlay\"><\/div>\n\t\t\t\t\t\t\t<div class=\"elementor-container elementor-column-gap-default\">\n\t\t\t\t\t<div class=\"elementor-column elementor-col-50 elementor-top-column elementor-element elementor-element-ea47d82\" data-id=\"ea47d82\" data-element_type=\"column\">\n\t\t\t<div class=\"elementor-widget-wrap elementor-element-populated\">\n\t\t\t\t\t\t<div class=\"elementor-element elementor-element-d305295 elementor-widget elementor-widget-image\" data-id=\"d305295\" data-element_type=\"widget\" data-widget_type=\"image.default\">\n\t\t\t\t<div class=\"elementor-widget-container\">\n\t\t\t\t\t\t\t\t\t\t\t\t<figure class=\"wp-caption\">\n\t\t\t\t\t\t\t\t\t\t\t<a href=\"https:\/\/ateneuadrianenc.cat\/home\/wp-content\/uploads\/2026\/03\/Assemblea_2025_2026_compressed.pdf\">\n\t\t\t\t\t\t\t<img decoding=\"async\" width=\"800\" height=\"450\" src=\"https:\/\/ateneuadrianenc.cat\/home\/wp-content\/uploads\/2026\/03\/1-1024x576.jpg\" class=\"attachment-large size-large wp-image-14973\" alt=\"\" srcset=\"https:\/\/ateneuadrianenc.cat\/home\/wp-content\/uploads\/2026\/03\/1-1024x576.jpg 1024w, https:\/\/ateneuadrianenc.cat\/home\/wp-content\/uploads\/2026\/03\/1-300x169.jpg 300w, https:\/\/ateneuadrianenc.cat\/home\/wp-content\/uploads\/2026\/03\/1-768x432.jpg 768w, https:\/\/ateneuadrianenc.cat\/home\/wp-content\/uploads\/2026\/03\/1-1536x863.jpg 1536w, https:\/\/ateneuadrianenc.cat\/home\/wp-content\/uploads\/2026\/03\/1-2048x1151.jpg 2048w\" sizes=\"(max-width: 800px) 100vw, 800px\" \/>\t\t\t\t\t\t\t\t<\/a>\n\t\t\t\t\t\t\t\t\t\t\t<figcaption class=\"widget-image-caption wp-caption-text\">Informe de gesti\u00f3 2025<\/figcaption>\n\t\t\t\t\t\t\t\t\t\t<\/figure>\n\t\t\t\t\t\t\t\t\t<\/div>\n\t\t\t\t<\/div>\n\t\t\t\t\t<\/div>\n\t\t<\/div>\n\t\t\t\t<div class=\"elementor-column elementor-col-50 elementor-top-column elementor-element elementor-element-bb8d6be\" data-id=\"bb8d6be\" data-element_type=\"column\">\n\t\t\t<div class=\"elementor-widget-wrap elementor-element-populated\">\n\t\t\t\t\t\t<div class=\"elementor-element elementor-element-d09431b elementor-widget elementor-widget-image\" data-id=\"d09431b\" data-element_type=\"widget\" data-widget_type=\"image.default\">\n\t\t\t\t<div class=\"elementor-widget-container\">\n\t\t\t\t\t\t\t\t\t\t\t\t<figure class=\"wp-caption\">\n\t\t\t\t\t\t\t\t\t\t<img loading=\"lazy\" decoding=\"async\" width=\"800\" height=\"450\" src=\"https:\/\/ateneuadrianenc.cat\/home\/wp-content\/uploads\/2026\/03\/1-2026-1024x576.jpg\" class=\"attachment-large size-large wp-image-14974\" alt=\"\" srcset=\"https:\/\/ateneuadrianenc.cat\/home\/wp-content\/uploads\/2026\/03\/1-2026-1024x576.jpg 1024w, https:\/\/ateneuadrianenc.cat\/home\/wp-content\/uploads\/2026\/03\/1-2026-300x169.jpg 300w, https:\/\/ateneuadrianenc.cat\/home\/wp-content\/uploads\/2026\/03\/1-2026-768x432.jpg 768w, https:\/\/ateneuadrianenc.cat\/home\/wp-content\/uploads\/2026\/03\/1-2026-1536x863.jpg 1536w, https:\/\/ateneuadrianenc.cat\/home\/wp-content\/uploads\/2026\/03\/1-2026-2048x1151.jpg 2048w\" sizes=\"(max-width: 800px) 100vw, 800px\" \/>\t\t\t\t\t\t\t\t\t\t\t<figcaption class=\"widget-image-caption wp-caption-text\">Informe de gesti\u00f3 2026 - En curs<\/figcaption>\n\t\t\t\t\t\t\t\t\t\t<\/figure>\n\t\t\t\t\t\t\t\t\t<\/div>\n\t\t\t\t<\/div>\n\t\t\t\t\t<\/div>\n\t\t<\/div>\n\t\t\t\t\t<\/div>\n\t\t<\/section>\n\t\t\t\t<section class=\"elementor-section elementor-top-section elementor-element elementor-element-c8d13e6 elementor-section-full_width elementor-section-height-default elementor-section-height-default\" data-id=\"c8d13e6\" data-element_type=\"section\">\n\t\t\t\t\t\t<div class=\"elementor-container elementor-column-gap-default\">\n\t\t\t\t\t<div class=\"elementor-column elementor-col-100 elementor-top-column elementor-element elementor-element-cbf14ed\" data-id=\"cbf14ed\" data-element_type=\"column\">\n\t\t\t<div class=\"elementor-widget-wrap elementor-element-populated\">\n\t\t\t\t\t\t<div class=\"elementor-element elementor-element-6c56892 elementor-widget-divider--view-line elementor-widget elementor-widget-divider\" data-id=\"6c56892\" data-element_type=\"widget\" data-widget_type=\"divider.default\">\n\t\t\t\t<div class=\"elementor-widget-container\">\n\t\t\t\t\t\t\t<div class=\"elementor-divider\">\n\t\t\t<span class=\"elementor-divider-separator\">\n\t\t\t\t\t\t<\/span>\n\t\t<\/div>\n\t\t\t\t\t\t<\/div>\n\t\t\t\t<\/div>\n\t\t\t\t\t<\/div>\n\t\t<\/div>\n\t\t\t\t\t<\/div>\n\t\t<\/section>\n\t\t\t\t<\/div>\n\t\t","protected":false},"excerpt":{"rendered":"<p>Portal de transpar\u00e8ncia Informe de gesti\u00f3 2023 Informe de gesti\u00f3 2024 Informe de gesti\u00f3 2025 Informe de gesti\u00f3 2026 &#8211; En curs<\/p>\n","protected":false},"author":1,"featured_media":11037,"parent":0,"menu_order":0,"comment_status":"closed","ping_status":"closed","template":"elementor_header_footer","meta":{"footnotes":""},"class_list":["post-11933","page","type-page","status-publish","has-post-thumbnail","hentry"],"_links":{"self":[{"href":"https:\/\/ateneuadrianenc.cat\/home\/wp-json\/wp\/v2\/pages\/11933","targetHints":{"allow":["GET"]}}],"collection":[{"href":"https:\/\/ateneuadrianenc.cat\/home\/wp-json\/wp\/v2\/pages"}],"about":[{"href":"https:\/\/ateneuadrianenc.cat\/home\/wp-json\/wp\/v2\/types\/page"}],"author":[{"embeddable":true,"href":"https:\/\/ateneuadrianenc.cat\/home\/wp-json\/wp\/v2\/users\/1"}],"replies":[{"embeddable":true,"href":"https:\/\/ateneuadrianenc.cat\/home\/wp-json\/wp\/v2\/comments?post=11933"}],"version-history":[{"count":31,"href":"https:\/\/ateneuadrianenc.cat\/home\/wp-json\/wp\/v2\/pages\/11933\/revisions"}],"predecessor-version":[{"id":14984,"href":"https:\/\/ateneuadrianenc.cat\/home\/wp-json\/wp\/v2\/pages\/11933\/revisions\/14984"}],"wp:featuredmedia":[{"embeddable":true,"href":"https:\/\/ateneuadrianenc.cat\/home\/wp-json\/wp\/v2\/media\/11037"}],"wp:attachment":[{"href":"https:\/\/ateneuadrianenc.cat\/home\/wp-json\/wp\/v2\/media?parent=11933"}],"curies":[{"name":"wp","href":"https:\/\/api.w.org\/{rel}","templated":true}]}}