{"id":169,"date":"2023-03-28T19:35:38","date_gmt":"2023-03-28T19:35:38","guid":{"rendered":"https:\/\/ateneuadrianenc.cat\/home\/?page_id=169"},"modified":"2023-04-16T15:55:43","modified_gmt":"2023-04-16T15:55:43","slug":"que-oferim","status":"publish","type":"page","link":"https:\/\/ateneuadrianenc.cat\/home\/que-oferim\/","title":{"rendered":"QU\u00c8 OFERIM"},"content":{"rendered":"\t\t<div data-elementor-type=\"wp-page\" data-elementor-id=\"169\" class=\"elementor elementor-169\" data-elementor-post-type=\"page\">\n\t\t\t\t\t\t<section class=\"elementor-section elementor-top-section elementor-element elementor-element-e4c3fe8 elementor-section-full_width elementor-section-height-default elementor-section-height-default\" data-id=\"e4c3fe8\" data-element_type=\"section\">\n\t\t\t\t\t\t<div class=\"elementor-container elementor-column-gap-default\">\n\t\t\t\t\t<div class=\"elementor-column elementor-col-100 elementor-top-column elementor-element elementor-element-7b4376e\" data-id=\"7b4376e\" data-element_type=\"column\">\n\t\t\t<div class=\"elementor-widget-wrap elementor-element-populated\">\n\t\t\t\t\t\t<div class=\"elementor-element elementor-element-1d01a13 elementor-widget elementor-widget-spacer\" data-id=\"1d01a13\" data-element_type=\"widget\" data-widget_type=\"spacer.default\">\n\t\t\t\t<div class=\"elementor-widget-container\">\n\t\t\t\t\t\t\t<div class=\"elementor-spacer\">\n\t\t\t<div class=\"elementor-spacer-inner\"><\/div>\n\t\t<\/div>\n\t\t\t\t\t\t<\/div>\n\t\t\t\t<\/div>\n\t\t\t\t<div class=\"elementor-element elementor-element-9d4fa9a elementor-widget elementor-widget-heading\" data-id=\"9d4fa9a\" data-element_type=\"widget\" data-widget_type=\"heading.default\">\n\t\t\t\t<div class=\"elementor-widget-container\">\n\t\t\t\t\t<h2 class=\"elementor-heading-title elementor-size-default\">QU\u00c8 \u00c9S UN ATENEU?<\/h2>\t\t\t\t<\/div>\n\t\t\t\t<\/div>\n\t\t\t\t<div class=\"elementor-element elementor-element-89c16d5 elementor-widget-divider--view-line elementor-widget elementor-widget-divider\" data-id=\"89c16d5\" data-element_type=\"widget\" data-widget_type=\"divider.default\">\n\t\t\t\t<div class=\"elementor-widget-container\">\n\t\t\t\t\t\t\t<div class=\"elementor-divider\">\n\t\t\t<span class=\"elementor-divider-separator\">\n\t\t\t\t\t\t<\/span>\n\t\t<\/div>\n\t\t\t\t\t\t<\/div>\n\t\t\t\t<\/div>\n\t\t\t\t\t<\/div>\n\t\t<\/div>\n\t\t\t\t\t<\/div>\n\t\t<\/section>\n\t\t\t\t<section class=\"elementor-section elementor-top-section elementor-element elementor-element-0eff3a1 elementor-section-full_width elementor-section-height-default elementor-section-height-default\" data-id=\"0eff3a1\" data-element_type=\"section\">\n\t\t\t\t\t\t<div class=\"elementor-container elementor-column-gap-default\">\n\t\t\t\t\t<div class=\"elementor-column elementor-col-100 elementor-top-column elementor-element elementor-element-f723299\" data-id=\"f723299\" data-element_type=\"column\">\n\t\t\t<div class=\"elementor-widget-wrap elementor-element-populated\">\n\t\t\t\t\t\t<div class=\"elementor-element elementor-element-381a7b5 elementor-widget elementor-widget-text-editor\" data-id=\"381a7b5\" data-element_type=\"widget\" data-widget_type=\"text-editor.default\">\n\t\t\t\t<div class=\"elementor-widget-container\">\n\t\t\t\t\t\t\t\t\t<p>Entenem per Ateneu una associaci\u00f3 que t\u00e9 com a objectiu el foment de la cultura i la millora de la qualitat de vida de les persones associades mItjan\u00e7ant activitats socio-culturals.<\/p>\t\t\t\t\t\t\t\t<\/div>\n\t\t\t\t<\/div>\n\t\t\t\t<div class=\"elementor-element elementor-element-71c88a9 elementor-widget elementor-widget-heading\" data-id=\"71c88a9\" data-element_type=\"widget\" data-widget_type=\"heading.default\">\n\t\t\t\t<div class=\"elementor-widget-container\">\n\t\t\t\t\t<h2 class=\"elementor-heading-title elementor-size-default\">QUINES ACTIVITATS POTS TROBAR A L'ATENEU ADRIANENC?<\/h2>\t\t\t\t<\/div>\n\t\t\t\t<\/div>\n\t\t\t\t<div class=\"elementor-element elementor-element-35b8873 elementor-widget-divider--view-line elementor-widget elementor-widget-divider\" data-id=\"35b8873\" data-element_type=\"widget\" data-widget_type=\"divider.default\">\n\t\t\t\t<div class=\"elementor-widget-container\">\n\t\t\t\t\t\t\t<div class=\"elementor-divider\">\n\t\t\t<span class=\"elementor-divider-separator\">\n\t\t\t\t\t\t<\/span>\n\t\t<\/div>\n\t\t\t\t\t\t<\/div>\n\t\t\t\t<\/div>\n\t\t\t\t\t<\/div>\n\t\t<\/div>\n\t\t\t\t\t<\/div>\n\t\t<\/section>\n\t\t\t\t<section class=\"elementor-section elementor-top-section elementor-element elementor-element-b83e8d4 elementor-section-boxed elementor-section-height-default elementor-section-height-default\" data-id=\"b83e8d4\" data-element_type=\"section\">\n\t\t\t\t\t\t<div class=\"elementor-container elementor-column-gap-default\">\n\t\t\t\t\t<div class=\"elementor-column elementor-col-100 elementor-top-column elementor-element elementor-element-f59d18f\" data-id=\"f59d18f\" data-element_type=\"column\">\n\t\t\t<div class=\"elementor-widget-wrap elementor-element-populated\">\n\t\t\t\t\t\t<div class=\"elementor-element elementor-element-d469e09 elementor-widget elementor-widget-text-editor\" data-id=\"d469e09\" data-element_type=\"widget\" data-widget_type=\"text-editor.default\">\n\t\t\t\t<div class=\"elementor-widget-container\">\n\t\t\t\t\t\t\t\t\t<ul>\n \t<li><strong>TEATRE<\/strong> (Grup de teatre propi i actuacions d&#8217;altres grups amateurs).<\/li>\n \t<li><strong>CINEMA<\/strong> (Cicle Gaud\u00ed per a adults i Cinema XIC per a infants).<\/li>\n \t<li><STRONG>CONCERTS<\/STRONG> (El projecte &#8220;M\u00fasica cl\u00e0ssica a l&#8217;abast de tothom&#8221;, jazz i d&#8217;altres actuacions).<\/li>\n \t<li><STRONG>CURS DE SARDANES<\/STRONG><\/li>\n \t<li><STRONG>CURS DE CATAL\u00c0<\/STRONG><\/li>\n \t<li><STRONG>CONFER\u00c8NCIES<\/STRONG> (Diferents temes d&#8217;inter\u00e8s general).<\/li>\n \t<li><STRONG>EXPOSICIONS<\/STRONG> (Art, temes d&#8217;actualitat, comunicaci\u00f3&#8230;).<\/li>\n \t<li><STRONG>TALLERS<\/STRONG> (Capgrossos).<\/li>\n \t<li><STRONG>VISIONAT DE DIFERENTS ESPORTS I ESDEVENIMENTS<\/STRONG> (Movistar Danz).<\/li>\n \t<li><STRONG>LLOGUER DELS DIFERENTS ESPAIS<\/STRONG><\/li>\n \t<li><STRONG>SERVEI DE BAR<\/STRONG><\/li>\n \t<li><STRONG>COL\u00b7LABORACIONS AMB D&#8217;ALTRES ENTITATS<\/STRONG> (\u00d2mnium, UNESCO, Ajuntament, etc&#8230;).<\/li>\n<\/ul>\t\t\t\t\t\t\t\t<\/div>\n\t\t\t\t<\/div>\n\t\t\t\t\t<\/div>\n\t\t<\/div>\n\t\t\t\t\t<\/div>\n\t\t<\/section>\n\t\t\t\t<section class=\"elementor-section elementor-top-section elementor-element elementor-element-1fa7adc elementor-section-full_width elementor-section-height-default elementor-section-height-default\" data-id=\"1fa7adc\" data-element_type=\"section\">\n\t\t\t\t\t\t<div class=\"elementor-container elementor-column-gap-default\">\n\t\t\t\t\t<div class=\"elementor-column elementor-col-100 elementor-top-column elementor-element elementor-element-2b6f98d\" data-id=\"2b6f98d\" data-element_type=\"column\">\n\t\t\t<div class=\"elementor-widget-wrap elementor-element-populated\">\n\t\t\t\t\t\t<div class=\"elementor-element elementor-element-34c4200 elementor-widget elementor-widget-text-editor\" data-id=\"34c4200\" data-element_type=\"widget\" data-widget_type=\"text-editor.default\">\n\t\t\t\t<div class=\"elementor-widget-container\">\n\t\t\t\t\t\t\t\t\t<p>Si tens inter\u00e8s per alguna d&#8217;aquestes activitats&#8230;i d&#8217;altres que anirem programant: t&#8217;animem a assistir!!<\/p>\t\t\t\t\t\t\t\t<\/div>\n\t\t\t\t<\/div>\n\t\t\t\t\t<\/div>\n\t\t<\/div>\n\t\t\t\t\t<\/div>\n\t\t<\/section>\n\t\t\t\t<section class=\"elementor-section elementor-top-section elementor-element elementor-element-75a2deb elementor-section-full_width elementor-section-height-default elementor-section-height-default\" data-id=\"75a2deb\" data-element_type=\"section\">\n\t\t\t\t\t\t<div class=\"elementor-container elementor-column-gap-default\">\n\t\t\t\t\t<div class=\"elementor-column elementor-col-100 elementor-top-column elementor-element elementor-element-9452e3c\" data-id=\"9452e3c\" data-element_type=\"column\">\n\t\t\t<div class=\"elementor-widget-wrap elementor-element-populated\">\n\t\t\t\t\t\t<div class=\"elementor-element elementor-element-8ced118 elementor-widget elementor-widget-text-editor\" data-id=\"8ced118\" data-element_type=\"widget\" data-widget_type=\"text-editor.default\">\n\t\t\t\t<div class=\"elementor-widget-container\">\n\t\t\t\t\t\t\t\t\t<p>FES-TE SOCI DE L&#8217;ATENEU ADRIANENC!!!<\/p>\t\t\t\t\t\t\t\t<\/div>\n\t\t\t\t<\/div>\n\t\t\t\t<div class=\"elementor-element elementor-element-70c940f elementor-widget-divider--view-line elementor-widget elementor-widget-divider\" data-id=\"70c940f\" data-element_type=\"widget\" data-widget_type=\"divider.default\">\n\t\t\t\t<div class=\"elementor-widget-container\">\n\t\t\t\t\t\t\t<div class=\"elementor-divider\">\n\t\t\t<span class=\"elementor-divider-separator\">\n\t\t\t\t\t\t<\/span>\n\t\t<\/div>\n\t\t\t\t\t\t<\/div>\n\t\t\t\t<\/div>\n\t\t\t\t\t<\/div>\n\t\t<\/div>\n\t\t\t\t\t<\/div>\n\t\t<\/section>\n\t\t\t\t<\/div>\n\t\t","protected":false},"excerpt":{"rendered":"<p>QU\u00c8 \u00c9S UN ATENEU? Entenem per Ateneu una associaci\u00f3 que t\u00e9 com a objectiu el foment de la cultura i la millora de la qualitat de vida de les persones associades mItjan\u00e7ant activitats socio-culturals. QUINES ACTIVITATS POTS TROBAR A L&#8217;ATENEU ADRIANENC? TEATRE (Grup de teatre propi i actuacions d&#8217;altres grups amateurs). CINEMA (Cicle Gaud\u00ed per [&hellip;]<\/p>\n","protected":false},"author":1,"featured_media":549,"parent":0,"menu_order":0,"comment_status":"closed","ping_status":"closed","template":"elementor_header_footer","meta":{"footnotes":""},"class_list":["post-169","page","type-page","status-publish","has-post-thumbnail","hentry"],"_links":{"self":[{"href":"https:\/\/ateneuadrianenc.cat\/home\/wp-json\/wp\/v2\/pages\/169","targetHints":{"allow":["GET"]}}],"collection":[{"href":"https:\/\/ateneuadrianenc.cat\/home\/wp-json\/wp\/v2\/pages"}],"about":[{"href":"https:\/\/ateneuadrianenc.cat\/home\/wp-json\/wp\/v2\/types\/page"}],"author":[{"embeddable":true,"href":"https:\/\/ateneuadrianenc.cat\/home\/wp-json\/wp\/v2\/users\/1"}],"replies":[{"embeddable":true,"href":"https:\/\/ateneuadrianenc.cat\/home\/wp-json\/wp\/v2\/comments?post=169"}],"version-history":[{"count":145,"href":"https:\/\/ateneuadrianenc.cat\/home\/wp-json\/wp\/v2\/pages\/169\/revisions"}],"predecessor-version":[{"id":1922,"href":"https:\/\/ateneuadrianenc.cat\/home\/wp-json\/wp\/v2\/pages\/169\/revisions\/1922"}],"wp:featuredmedia":[{"embeddable":true,"href":"https:\/\/ateneuadrianenc.cat\/home\/wp-json\/wp\/v2\/media\/549"}],"wp:attachment":[{"href":"https:\/\/ateneuadrianenc.cat\/home\/wp-json\/wp\/v2\/media?parent=169"}],"curies":[{"name":"wp","href":"https:\/\/api.w.org\/{rel}","templated":true}]}}