{"id":171,"date":"2023-03-28T19:35:52","date_gmt":"2023-03-28T19:35:52","guid":{"rendered":"https:\/\/ateneuadrianenc.cat\/home\/?page_id=171"},"modified":"2024-02-24T17:03:40","modified_gmt":"2024-02-24T15:03:40","slug":"on-som","status":"publish","type":"page","link":"https:\/\/ateneuadrianenc.cat\/home\/on-som\/","title":{"rendered":"CONTACTE"},"content":{"rendered":"\t\t<div data-elementor-type=\"wp-page\" data-elementor-id=\"171\" class=\"elementor elementor-171\" data-elementor-post-type=\"page\">\n\t\t\t\t\t\t<section class=\"elementor-section elementor-top-section elementor-element elementor-element-ba4be97 elementor-section-boxed elementor-section-height-default elementor-section-height-default\" data-id=\"ba4be97\" data-element_type=\"section\">\n\t\t\t\t\t\t<div class=\"elementor-container elementor-column-gap-default\">\n\t\t\t\t\t<div class=\"elementor-column elementor-col-100 elementor-top-column elementor-element elementor-element-3245352\" data-id=\"3245352\" data-element_type=\"column\">\n\t\t\t<div class=\"elementor-widget-wrap elementor-element-populated\">\n\t\t\t\t\t\t<div class=\"elementor-element elementor-element-31657c8 elementor-widget elementor-widget-spacer\" data-id=\"31657c8\" data-element_type=\"widget\" data-widget_type=\"spacer.default\">\n\t\t\t\t<div class=\"elementor-widget-container\">\n\t\t\t\t\t\t\t<div class=\"elementor-spacer\">\n\t\t\t<div class=\"elementor-spacer-inner\"><\/div>\n\t\t<\/div>\n\t\t\t\t\t\t<\/div>\n\t\t\t\t<\/div>\n\t\t\t\t<div class=\"elementor-element elementor-element-67f22be elementor-widget elementor-widget-heading\" data-id=\"67f22be\" data-element_type=\"widget\" data-widget_type=\"heading.default\">\n\t\t\t\t<div class=\"elementor-widget-container\">\n\t\t\t\t\t<h2 class=\"elementor-heading-title elementor-size-default\">LOCALITZACI\u00d3 ATENEU ADRIANENC<\/h2>\t\t\t\t<\/div>\n\t\t\t\t<\/div>\n\t\t\t\t<div class=\"elementor-element elementor-element-21e72d7 elementor-widget-divider--view-line elementor-widget elementor-widget-divider\" data-id=\"21e72d7\" data-element_type=\"widget\" data-widget_type=\"divider.default\">\n\t\t\t\t<div class=\"elementor-widget-container\">\n\t\t\t\t\t\t\t<div class=\"elementor-divider\">\n\t\t\t<span class=\"elementor-divider-separator\">\n\t\t\t\t\t\t<\/span>\n\t\t<\/div>\n\t\t\t\t\t\t<\/div>\n\t\t\t\t<\/div>\n\t\t\t\t\t<\/div>\n\t\t<\/div>\n\t\t\t\t\t<\/div>\n\t\t<\/section>\n\t\t\t\t<section class=\"elementor-section elementor-top-section elementor-element elementor-element-beea6cc elementor-section-boxed elementor-section-height-default elementor-section-height-default\" data-id=\"beea6cc\" data-element_type=\"section\">\n\t\t\t\t\t\t<div class=\"elementor-container elementor-column-gap-default\">\n\t\t\t\t\t<div class=\"elementor-column elementor-col-50 elementor-top-column elementor-element elementor-element-d92ec47\" data-id=\"d92ec47\" data-element_type=\"column\">\n\t\t\t<div class=\"elementor-widget-wrap elementor-element-populated\">\n\t\t\t\t\t\t<div class=\"elementor-element elementor-element-201d829 elementor-widget elementor-widget-image\" data-id=\"201d829\" data-element_type=\"widget\" data-widget_type=\"image.default\">\n\t\t\t\t<div class=\"elementor-widget-container\">\n\t\t\t\t\t\t\t\t\t\t\t\t\t\t\t<img fetchpriority=\"high\" decoding=\"async\" width=\"450\" height=\"338\" src=\"https:\/\/ateneuadrianenc.cat\/home\/wp-content\/uploads\/2023\/04\/Ateneu_Adrianenc-2.jpg\" class=\"attachment-full size-full wp-image-1757\" alt=\"\" srcset=\"https:\/\/ateneuadrianenc.cat\/home\/wp-content\/uploads\/2023\/04\/Ateneu_Adrianenc-2.jpg 450w, https:\/\/ateneuadrianenc.cat\/home\/wp-content\/uploads\/2023\/04\/Ateneu_Adrianenc-2-300x225.jpg 300w\" sizes=\"(max-width: 450px) 100vw, 450px\" \/>\t\t\t\t\t\t\t\t\t\t\t\t\t\t\t<\/div>\n\t\t\t\t<\/div>\n\t\t\t\t<div class=\"elementor-element elementor-element-a4677e9 elementor-widget elementor-widget-text-editor\" data-id=\"a4677e9\" data-element_type=\"widget\" data-widget_type=\"text-editor.default\">\n\t\t\t\t<div class=\"elementor-widget-container\">\n\t\t\t\t\t\t\t\t\t<h4><strong>ATENEU ADRIANENC<\/strong><\/h4><h4>Carrer d\u2019Andreu Vidal, 7<\/h4><h5>08930 SANT ADRI\u00c0 DE BES\u00d2S<\/h5><p>Metro L-2 Artigues &#8211; Sant Adri\u00e0<\/p><p><a href=\"http:\/\/www.ateneuadrianenc.cat\" target=\"_blank\" rel=\"noopener\">www.ateneuadrianenc.cat<\/a><\/p>\t\t\t\t\t\t\t\t<\/div>\n\t\t\t\t<\/div>\n\t\t\t\t\t<\/div>\n\t\t<\/div>\n\t\t\t\t<div class=\"elementor-column elementor-col-50 elementor-top-column elementor-element elementor-element-a168b52\" data-id=\"a168b52\" data-element_type=\"column\">\n\t\t\t<div class=\"elementor-widget-wrap elementor-element-populated\">\n\t\t\t\t\t\t<div class=\"elementor-element elementor-element-7afbf06 elementor-shape-rounded elementor-grid-0 e-grid-align-center elementor-widget elementor-widget-social-icons\" data-id=\"7afbf06\" data-element_type=\"widget\" data-widget_type=\"social-icons.default\">\n\t\t\t\t<div class=\"elementor-widget-container\">\n\t\t\t\t\t\t\t<div class=\"elementor-social-icons-wrapper elementor-grid\" role=\"list\">\n\t\t\t\t\t\t\t<span class=\"elementor-grid-item\" role=\"listitem\">\n\t\t\t\t\t<a class=\"elementor-icon elementor-social-icon elementor-social-icon-facebook elementor-repeater-item-dde9702\" href=\"https:\/\/www.facebook.com\/ateneuadrianencoficial\/\" target=\"_blank\">\n\t\t\t\t\t\t<span class=\"elementor-screen-only\">Facebook<\/span>\n\t\t\t\t\t\t<i aria-hidden=\"true\" class=\"fab fa-facebook\"><\/i>\t\t\t\t\t<\/a>\n\t\t\t\t<\/span>\n\t\t\t\t\t\t\t<span class=\"elementor-grid-item\" role=\"listitem\">\n\t\t\t\t\t<a class=\"elementor-icon elementor-social-icon elementor-social-icon-twitter elementor-repeater-item-1b80f97\" href=\"https:\/\/twitter.com\/AteneuAdrianenc\" target=\"_blank\">\n\t\t\t\t\t\t<span class=\"elementor-screen-only\">Twitter<\/span>\n\t\t\t\t\t\t<i aria-hidden=\"true\" class=\"fab fa-twitter\"><\/i>\t\t\t\t\t<\/a>\n\t\t\t\t<\/span>\n\t\t\t\t\t\t\t<span class=\"elementor-grid-item\" role=\"listitem\">\n\t\t\t\t\t<a class=\"elementor-icon elementor-social-icon elementor-social-icon-instagram elementor-repeater-item-13808a9\" href=\"https:\/\/www.instagram.com\/ateneuadrianenc\/\" target=\"_blank\">\n\t\t\t\t\t\t<span class=\"elementor-screen-only\">Instagram<\/span>\n\t\t\t\t\t\t<i aria-hidden=\"true\" class=\"fab fa-instagram\"><\/i>\t\t\t\t\t<\/a>\n\t\t\t\t<\/span>\n\t\t\t\t\t\t\t<span class=\"elementor-grid-item\" role=\"listitem\">\n\t\t\t\t\t<a class=\"elementor-icon elementor-social-icon elementor-social-icon-whatsapp elementor-repeater-item-990225a\" href=\"https:\/\/wa.me\/34608699348\" target=\"_blank\">\n\t\t\t\t\t\t<span class=\"elementor-screen-only\">Whatsapp<\/span>\n\t\t\t\t\t\t<i aria-hidden=\"true\" class=\"fab fa-whatsapp\"><\/i>\t\t\t\t\t<\/a>\n\t\t\t\t<\/span>\n\t\t\t\t\t<\/div>\n\t\t\t\t\t\t<\/div>\n\t\t\t\t<\/div>\n\t\t\t\t<div class=\"elementor-element elementor-element-0cecfae elementor-widget elementor-widget-html\" data-id=\"0cecfae\" data-element_type=\"widget\" data-widget_type=\"html.default\">\n\t\t\t\t<div class=\"elementor-widget-container\">\n\t\t\t\t\t<iframe src=\"https:\/\/www.google.com\/maps\/embed?pb=!1m18!1m12!1m3!1d2991.3003158769557!2d2.212732315427201!3d41.432704879260086!2m3!1f0!2f0!3f0!3m2!1i1024!2i768!4f13.1!3m3!1m2!1s0x12a4bca4da5b2119%3A0x74271427253d4955!2sAteneu%20Adrianenc!5e0!3m2!1sca!2ses!4v1681656051136!5m2!1sca!2ses\" width=\"600\" height=\"548\" style=\"border:0;\" allowfullscreen=\"\" loading=\"lazy\" referrerpolicy=\"no-referrer-when-downgrade\"><\/iframe>\t\t\t\t<\/div>\n\t\t\t\t<\/div>\n\t\t\t\t\t<\/div>\n\t\t<\/div>\n\t\t\t\t\t<\/div>\n\t\t<\/section>\n\t\t\t\t<section class=\"elementor-section elementor-top-section elementor-element elementor-element-ffe0128 elementor-section-boxed elementor-section-height-default elementor-section-height-default\" data-id=\"ffe0128\" data-element_type=\"section\">\n\t\t\t\t\t\t<div class=\"elementor-container elementor-column-gap-default\">\n\t\t\t\t\t<div class=\"elementor-column elementor-col-100 elementor-top-column elementor-element elementor-element-4b0cb51\" data-id=\"4b0cb51\" data-element_type=\"column\">\n\t\t\t<div class=\"elementor-widget-wrap elementor-element-populated\">\n\t\t\t\t\t\t<div class=\"elementor-element elementor-element-d97d980 elementor-widget-divider--view-line elementor-widget elementor-widget-divider\" data-id=\"d97d980\" data-element_type=\"widget\" data-widget_type=\"divider.default\">\n\t\t\t\t<div class=\"elementor-widget-container\">\n\t\t\t\t\t\t\t<div class=\"elementor-divider\">\n\t\t\t<span class=\"elementor-divider-separator\">\n\t\t\t\t\t\t<\/span>\n\t\t<\/div>\n\t\t\t\t\t\t<\/div>\n\t\t\t\t<\/div>\n\t\t\t\t\t<\/div>\n\t\t<\/div>\n\t\t\t\t\t<\/div>\n\t\t<\/section>\n\t\t\t\t<\/div>\n\t\t","protected":false},"excerpt":{"rendered":"<p>LOCALITZACI\u00d3 ATENEU ADRIANENC ATENEU ADRIANENC Carrer d\u2019Andreu Vidal, 7 08930 SANT ADRI\u00c0 DE BES\u00d2S Metro L-2 Artigues &#8211; Sant Adri\u00e0 www.ateneuadrianenc.cat Facebook Twitter Instagram Whatsapp<\/p>\n","protected":false},"author":1,"featured_media":676,"parent":0,"menu_order":0,"comment_status":"closed","ping_status":"closed","template":"elementor_header_footer","meta":{"footnotes":""},"class_list":["post-171","page","type-page","status-publish","has-post-thumbnail","hentry"],"_links":{"self":[{"href":"https:\/\/ateneuadrianenc.cat\/home\/wp-json\/wp\/v2\/pages\/171","targetHints":{"allow":["GET"]}}],"collection":[{"href":"https:\/\/ateneuadrianenc.cat\/home\/wp-json\/wp\/v2\/pages"}],"about":[{"href":"https:\/\/ateneuadrianenc.cat\/home\/wp-json\/wp\/v2\/types\/page"}],"author":[{"embeddable":true,"href":"https:\/\/ateneuadrianenc.cat\/home\/wp-json\/wp\/v2\/users\/1"}],"replies":[{"embeddable":true,"href":"https:\/\/ateneuadrianenc.cat\/home\/wp-json\/wp\/v2\/comments?post=171"}],"version-history":[{"count":104,"href":"https:\/\/ateneuadrianenc.cat\/home\/wp-json\/wp\/v2\/pages\/171\/revisions"}],"predecessor-version":[{"id":7663,"href":"https:\/\/ateneuadrianenc.cat\/home\/wp-json\/wp\/v2\/pages\/171\/revisions\/7663"}],"wp:featuredmedia":[{"embeddable":true,"href":"https:\/\/ateneuadrianenc.cat\/home\/wp-json\/wp\/v2\/media\/676"}],"wp:attachment":[{"href":"https:\/\/ateneuadrianenc.cat\/home\/wp-json\/wp\/v2\/media?parent=171"}],"curies":[{"name":"wp","href":"https:\/\/api.w.org\/{rel}","templated":true}]}}